{"id":2706,"date":"2024-09-04T20:02:38","date_gmt":"2024-09-04T20:02:38","guid":{"rendered":"https:\/\/mgamusic.makkomkt.com.br\/?page_id=2706"},"modified":"2024-09-10T18:31:57","modified_gmt":"2024-09-10T18:31:57","slug":"sobre-01","status":"publish","type":"page","link":"https:\/\/mgamusic.makkomkt.com.br\/index.php\/sobre-01\/","title":{"rendered":"Sobre 01"},"content":{"rendered":"\t\t<div data-elementor-type=\"wp-page\" data-elementor-id=\"2706\" class=\"elementor elementor-2706\">\n\t\t\t\t<div class=\"elementor-element elementor-element-6015267 e-flex e-con-boxed e-con e-parent\" data-id=\"6015267\" data-element_type=\"container\" data-e-type=\"container\" data-settings=\"{&quot;background_background&quot;:&quot;classic&quot;,&quot;shape_divider_bottom&quot;:&quot;opacity-fan&quot;}\">\n\t\t\t\t\t<div class=\"e-con-inner\">\n\t\t\t\t<div class=\"elementor-shape elementor-shape-bottom\" aria-hidden=\"true\" data-negative=\"false\">\n\t\t\t<svg xmlns=\"http:\/\/www.w3.org\/2000\/svg\" viewBox=\"0 0 283.5 19.6\" preserveAspectRatio=\"none\">\n\t<path class=\"elementor-shape-fill\" style=\"opacity:0.33\" d=\"M0 0L0 18.8 141.8 4.1 283.5 18.8 283.5 0z\"\/>\n\t<path class=\"elementor-shape-fill\" style=\"opacity:0.33\" d=\"M0 0L0 12.6 141.8 4 283.5 12.6 283.5 0z\"\/>\n\t<path class=\"elementor-shape-fill\" style=\"opacity:0.33\" d=\"M0 0L0 6.4 141.8 4 283.5 6.4 283.5 0z\"\/>\n\t<path class=\"elementor-shape-fill\" d=\"M0 0L0 1.2 141.8 4 283.5 1.2 283.5 0z\"\/>\n<\/svg>\t\t<\/div>\n\t\t\t\t<div class=\"elementor-element elementor-element-2835fe7 elementor-widget elementor-widget-heading\" data-id=\"2835fe7\" data-element_type=\"widget\" data-e-type=\"widget\" data-widget_type=\"heading.default\">\n\t\t\t\t<div class=\"elementor-widget-container\">\n\t\t\t\t\t<h2 class=\"elementor-heading-title elementor-size-default\">Sobre<\/h2>\t\t\t\t<\/div>\n\t\t\t\t<\/div>\n\t\t\t\t<div class=\"elementor-element elementor-element-d753333 elementor-widget elementor-widget-heading\" data-id=\"d753333\" data-element_type=\"widget\" data-e-type=\"widget\" data-widget_type=\"heading.default\">\n\t\t\t\t<div class=\"elementor-widget-container\">\n\t\t\t\t\t<h2 class=\"elementor-heading-title elementor-size-default\">servi\u00e7os personalizados e os melhores profissionais\n\n\n\n<\/h2>\t\t\t\t<\/div>\n\t\t\t\t<\/div>\n\t\t\t\t\t<\/div>\n\t\t\t\t<\/div>\n\t\t<div class=\"elementor-element elementor-element-af9b70a e-flex e-con-boxed e-con e-parent\" data-id=\"af9b70a\" data-element_type=\"container\" data-e-type=\"container\">\n\t\t\t\t\t<div class=\"e-con-inner\">\n\t\t<div class=\"elementor-element elementor-element-224f28b e-con-full e-flex e-con e-child\" data-id=\"224f28b\" data-element_type=\"container\" data-e-type=\"container\">\n\t\t\t\t<div class=\"elementor-element elementor-element-04fd293 elementor-widget elementor-widget-text-editor\" data-id=\"04fd293\" data-element_type=\"widget\" data-e-type=\"widget\" data-widget_type=\"text-editor.default\">\n\t\t\t\t<div class=\"elementor-widget-container\">\n\t\t\t\t\t\t\t\t\t<h2 class=\"subtitulo-interno\">Hist\u00f3ria, Miss\u00e3o e Vis\u00e3o<\/h2><p>Somos apaixonados por criar momentos inesquec\u00edveis atrav\u00e9s da m\u00fasica! Com vasta experi\u00eancia em eventos de todos os tipos, desde casamentos at\u00e9 festas de anivers\u00e1rio e celebra\u00e7\u00f5es corporativas, oferecemos um servi\u00e7o de DJ que se adapta perfeitamente a cada ocasi\u00e3o.<\/p><p>Entendemos que cada evento tem sua pr\u00f3pria identidade e energia, e \u00e9 por isso que nos dedicamos a entender as necessidades e desejos de nossos clientes. Seja uma cerim\u00f4nia \u00edntima ou uma grande festa, nosso objetivo \u00e9 garantir que a trilha sonora seja perfeitamente alinhada ao clima e ao estilo do evento.<\/p><p>Com um repert\u00f3rio diversificado que abrange desde os cl\u00e1ssicos atemporais at\u00e9 os hits mais atuais, personalizamos cada setlist para criar a atmosfera ideal. Estamos comprometidos em fazer com que cada festa seja \u00fanica, animada e memor\u00e1vel, proporcionando experi\u00eancias musicais que ficam na mem\u00f3ria.<\/p><p>Estamos prontos para transformar seu evento em uma celebra\u00e7\u00e3o inesquec\u00edvel!<\/p><p><strong>Atuamos em:<\/strong><\/p><ul><li>Festas de Anivers\u00e1rios<\/li><li>Casamentos<\/li><li>Festas de Debutantes 15 anos<\/li><li>Teen<\/li><li>Intantil<\/li><li>Eventos Corporativos<\/li><li>Formaturas<\/li><li>Despedidas<\/li><li>Coquet\u00e9is<\/li><li>Desfiles<\/li><li>Festa Balada Neon<\/li><li>Inaugura\u00e7\u00f5es<\/li><li>Baladas<\/li><li>Festas em Ch\u00e1caras e S\u00edtios<\/li><li>Buffets<\/li><li>e muito mais\u2026<\/li><\/ul>\t\t\t\t\t\t\t\t<\/div>\n\t\t\t\t<\/div>\n\t\t\t\t<\/div>\n\t\t<div class=\"elementor-element elementor-element-3674937 e-con-full e-flex e-con e-child\" data-id=\"3674937\" data-element_type=\"container\" data-e-type=\"container\">\n\t\t\t\t<div class=\"elementor-element elementor-element-efcc5b6 elementor-widget elementor-widget-image\" data-id=\"efcc5b6\" data-element_type=\"widget\" data-e-type=\"widget\" data-widget_type=\"image.default\">\n\t\t\t\t<div class=\"elementor-widget-container\">\n\t\t\t\t\t\t\t\t\t\t\t\t\t\t\t<img fetchpriority=\"high\" decoding=\"async\" width=\"400\" height=\"400\" src=\"https:\/\/mgamusic.makkomkt.com.br\/wp-content\/uploads\/2024\/08\/Frame-188.png\" class=\"attachment-large size-large wp-image-1732\" alt=\"\" srcset=\"https:\/\/mgamusic.makkomkt.com.br\/wp-content\/uploads\/2024\/08\/Frame-188.png 400w, https:\/\/mgamusic.makkomkt.com.br\/wp-content\/uploads\/2024\/08\/Frame-188-300x300.png 300w, https:\/\/mgamusic.makkomkt.com.br\/wp-content\/uploads\/2024\/08\/Frame-188-150x150.png 150w\" sizes=\"(max-width: 400px) 100vw, 400px\" \/>\t\t\t\t\t\t\t\t\t\t\t\t\t\t\t<\/div>\n\t\t\t\t<\/div>\n\t\t\t\t<div class=\"elementor-element elementor-element-54d433c elementor-align-center elementor-mobile-align-center elementor-widget elementor-widget-button\" data-id=\"54d433c\" data-element_type=\"widget\" data-e-type=\"widget\" data-widget_type=\"button.default\">\n\t\t\t\t<div class=\"elementor-widget-container\">\n\t\t\t\t\t\t\t\t\t<div class=\"elementor-button-wrapper\">\n\t\t\t\t\t<a class=\"elementor-button elementor-button-link elementor-size-sm\" href=\"#\">\n\t\t\t\t\t\t<span class=\"elementor-button-content-wrapper\">\n\t\t\t\t\t\t<span class=\"elementor-button-icon\">\n\t\t\t\t<svg aria-hidden=\"true\" class=\"e-font-icon-svg e-fab-whatsapp\" viewBox=\"0 0 448 512\" xmlns=\"http:\/\/www.w3.org\/2000\/svg\"><path d=\"M380.9 97.1C339 55.1 283.2 32 223.9 32c-122.4 0-222 99.6-222 222 0 39.1 10.2 77.3 29.6 111L0 480l117.7-30.9c32.4 17.7 68.9 27 106.1 27h.1c122.3 0 224.1-99.6 224.1-222 0-59.3-25.2-115-67.1-157zm-157 341.6c-33.2 0-65.7-8.9-94-25.7l-6.7-4-69.8 18.3L72 359.2l-4.4-7c-18.5-29.4-28.2-63.3-28.2-98.2 0-101.7 82.8-184.5 184.6-184.5 49.3 0 95.6 19.2 130.4 54.1 34.8 34.9 56.2 81.2 56.1 130.5 0 101.8-84.9 184.6-186.6 184.6zm101.2-138.2c-5.5-2.8-32.8-16.2-37.9-18-5.1-1.9-8.8-2.8-12.5 2.8-3.7 5.6-14.3 18-17.6 21.8-3.2 3.7-6.5 4.2-12 1.4-32.6-16.3-54-29.1-75.5-66-5.7-9.8 5.7-9.1 16.3-30.3 1.8-3.7.9-6.9-.5-9.7-1.4-2.8-12.5-30.1-17.1-41.2-4.5-10.8-9.1-9.3-12.5-9.5-3.2-.2-6.9-.2-10.6-.2-3.7 0-9.7 1.4-14.8 6.9-5.1 5.6-19.4 19-19.4 46.3 0 27.3 19.9 53.7 22.6 57.4 2.8 3.7 39.1 59.7 94.8 83.8 35.2 15.2 49 16.5 66.6 13.9 10.7-1.6 32.8-13.4 37.4-26.4 4.6-13 4.6-24.1 3.2-26.4-1.3-2.5-5-3.9-10.5-6.6z\"><\/path><\/svg>\t\t\t<\/span>\n\t\t\t\t\t\t\t\t\t<span class=\"elementor-button-text\">Contato pelo Whatsapp<\/span>\n\t\t\t\t\t<\/span>\n\t\t\t\t\t<\/a>\n\t\t\t\t<\/div>\n\t\t\t\t\t\t\t\t<\/div>\n\t\t\t\t<\/div>\n\t\t\t\t<\/div>\n\t\t\t\t\t<\/div>\n\t\t\t\t<\/div>\n\t\t\t\t<\/div>\n\t\t","protected":false},"excerpt":{"rendered":"<p>Sobre servi\u00e7os personalizados e os melhores profissionais Hist\u00f3ria, Miss\u00e3o e Vis\u00e3o Somos apaixonados por criar momentos inesquec\u00edveis atrav\u00e9s da m\u00fasica! Com vasta experi\u00eancia em eventos de todos os tipos, desde casamentos at\u00e9 festas de anivers\u00e1rio e celebra\u00e7\u00f5es corporativas, oferecemos um servi\u00e7o de DJ que se adapta perfeitamente a cada ocasi\u00e3o. Entendemos que cada evento tem [&hellip;]<\/p>\n","protected":false},"author":1,"featured_media":0,"parent":0,"menu_order":0,"comment_status":"closed","ping_status":"closed","template":"elementor_header_footer","meta":{"om_disable_all_campaigns":false,"_monsterinsights_skip_tracking":false,"_monsterinsights_sitenote_active":false,"_monsterinsights_sitenote_note":"","_monsterinsights_sitenote_category":0,"footnotes":""},"class_list":["post-2706","page","type-page","status-publish","hentry"],"aioseo_notices":[],"_links":{"self":[{"href":"https:\/\/mgamusic.makkomkt.com.br\/index.php\/wp-json\/wp\/v2\/pages\/2706","targetHints":{"allow":["GET"]}}],"collection":[{"href":"https:\/\/mgamusic.makkomkt.com.br\/index.php\/wp-json\/wp\/v2\/pages"}],"about":[{"href":"https:\/\/mgamusic.makkomkt.com.br\/index.php\/wp-json\/wp\/v2\/types\/page"}],"author":[{"embeddable":true,"href":"https:\/\/mgamusic.makkomkt.com.br\/index.php\/wp-json\/wp\/v2\/users\/1"}],"replies":[{"embeddable":true,"href":"https:\/\/mgamusic.makkomkt.com.br\/index.php\/wp-json\/wp\/v2\/comments?post=2706"}],"version-history":[{"count":0,"href":"https:\/\/mgamusic.makkomkt.com.br\/index.php\/wp-json\/wp\/v2\/pages\/2706\/revisions"}],"wp:attachment":[{"href":"https:\/\/mgamusic.makkomkt.com.br\/index.php\/wp-json\/wp\/v2\/media?parent=2706"}],"curies":[{"name":"wp","href":"https:\/\/api.w.org\/{rel}","templated":true}]}}