{"id":2310,"date":"2024-09-04T14:38:36","date_gmt":"2024-09-04T14:38:36","guid":{"rendered":"https:\/\/mgamusic.makkomkt.com.br\/?page_id=2310"},"modified":"2024-09-04T22:11:05","modified_gmt":"2024-09-04T22:11:05","slug":"pacote-personalizado","status":"publish","type":"page","link":"https:\/\/mgamusic.makkomkt.com.br\/index.php\/pacote-personalizado\/","title":{"rendered":"Pacote Personalizado"},"content":{"rendered":"\t\t<div data-elementor-type=\"wp-page\" data-elementor-id=\"2310\" class=\"elementor elementor-2310\">\n\t\t\t\t<div class=\"elementor-element elementor-element-8eb6ca9 e-flex e-con-boxed e-con e-parent\" data-id=\"8eb6ca9\" data-element_type=\"container\" data-e-type=\"container\" data-settings=\"{&quot;background_background&quot;:&quot;classic&quot;}\">\n\t\t\t\t\t<div class=\"e-con-inner\">\n\t\t\t\t<div class=\"elementor-element elementor-element-3535da2 elementor-widget elementor-widget-heading\" data-id=\"3535da2\" data-element_type=\"widget\" data-e-type=\"widget\" data-widget_type=\"heading.default\">\n\t\t\t\t<div class=\"elementor-widget-container\">\n\t\t\t\t\t<h2 class=\"elementor-heading-title elementor-size-default\">Pacote Personalizado<\/h2>\t\t\t\t<\/div>\n\t\t\t\t<\/div>\n\t\t\t\t<div class=\"elementor-element elementor-element-641f03b elementor-widget elementor-widget-heading\" data-id=\"641f03b\" data-element_type=\"widget\" data-e-type=\"widget\" data-widget_type=\"heading.default\">\n\t\t\t\t<div class=\"elementor-widget-container\">\n\t\t\t\t\t<h2 class=\"elementor-heading-title elementor-size-default\">os melhores equipamentos pelo melhor pre\u00e7o\n\n\n<\/h2>\t\t\t\t<\/div>\n\t\t\t\t<\/div>\n\t\t\t\t\t<\/div>\n\t\t\t\t<\/div>\n\t\t<div class=\"elementor-element elementor-element-d540d9e e-flex e-con-boxed e-con e-parent\" data-id=\"d540d9e\" data-element_type=\"container\" data-e-type=\"container\">\n\t\t\t\t\t<div class=\"e-con-inner\">\n\t\t<div class=\"elementor-element elementor-element-abde267 e-con-full e-flex e-con e-child\" data-id=\"abde267\" data-element_type=\"container\" data-e-type=\"container\">\n\t\t\t\t<div class=\"elementor-element elementor-element-83fdc7f elementor-widget elementor-widget-text-editor\" data-id=\"83fdc7f\" data-element_type=\"widget\" data-e-type=\"widget\" data-widget_type=\"text-editor.default\">\n\t\t\t\t<div class=\"elementor-widget-container\">\n\t\t\t\t\t\t\t\t\t<h2 class=\"wp-block-heading\">Descri\u00e7\u00e3o do pacote<\/h2><div class=\"elementor-element elementor-element-328fccd e-flex e-con-boxed e-con e-parent e-lazyloaded\" data-id=\"328fccd\" data-element_type=\"container\" data-settings=\"{&quot;background_background&quot;:&quot;classic&quot;}\"><div class=\"e-con-inner\"><div class=\"elementor-element elementor-element-ff74046 e-n-tabs-none elementor-widget elementor-widget-n-tabs\" data-id=\"ff74046\" data-element_type=\"widget\" data-settings=\"{&quot;tabs_justify_horizontal_mobile&quot;:&quot;center&quot;,&quot;horizontal_scroll&quot;:&quot;disable&quot;}\" data-widget_type=\"nested-tabs.default\"><div class=\"elementor-widget-container\"><div class=\"e-n-tabs e-activated\" data-widget-number=\"267862086\" aria-label=\"Abas. Abra itens com &quot;Enter&quot; ou &quot;Espa\u00e7o&quot;, feche com &quot;Escape&quot; e navegue usando as teclas de &quot;Seta&quot;.\" data-touch-mode=\"false\"><div class=\"e-n-tabs-content\"><div id=\"e-n-tab-content-2678620861\" class=\"e-active elementor-element elementor-element-ff852b6 e-con-full e-grid e-con e-child\" role=\"tabpanel\" aria-labelledby=\"e-n-tab-title-2678620861\" data-tab-index=\"1\" data-id=\"ff852b6\" data-element_type=\"container\"><div class=\"elementor-element elementor-element-c05831a elementor-position-top elementor-position-top elementor-widget elementor-widget-image-box animated fadeIn\" data-id=\"c05831a\" data-element_type=\"widget\" data-settings=\"{&quot;_animation&quot;:&quot;fadeIn&quot;,&quot;_animation_delay&quot;:300}\" data-widget_type=\"image-box.default\"><div class=\"elementor-widget-container\"><div class=\"elementor-image-box-wrapper\"><div class=\"elementor-image-box-content\"><p class=\"elementor-image-box-description\">Escolha equipamentos de acordo com o que vo\u00e7e precisa para realizar seu evento<\/p><\/div><\/div><\/div><\/div><\/div><\/div><\/div><\/div><\/div><\/div><\/div><div class=\"elementor-element elementor-element-332b58c e-flex e-con-boxed e-con e-parent e-lazyloaded\" data-id=\"332b58c\" data-element_type=\"container\" data-settings=\"{&quot;background_background&quot;:&quot;classic&quot;}\"><div class=\"e-con-inner\"><div class=\"elementor-element elementor-element-e60837c elementor-widget elementor-widget-heading\" data-id=\"e60837c\" data-element_type=\"widget\" data-widget_type=\"heading.default\"><div class=\"elementor-widget-container\">\u00a0<\/div><\/div><\/div><\/div>\t\t\t\t\t\t\t\t<\/div>\n\t\t\t\t<\/div>\n\t\t\t\t<\/div>\n\t\t<div class=\"elementor-element elementor-element-4727fad e-con-full e-flex e-con e-child\" data-id=\"4727fad\" data-element_type=\"container\" data-e-type=\"container\">\n\t\t\t\t<div class=\"elementor-element elementor-element-f565be6 elementor-widget elementor-widget-image\" data-id=\"f565be6\" data-element_type=\"widget\" data-e-type=\"widget\" data-widget_type=\"image.default\">\n\t\t\t\t<div class=\"elementor-widget-container\">\n\t\t\t\t\t\t\t\t\t\t\t\t\t\t\t<img fetchpriority=\"high\" decoding=\"async\" width=\"768\" height=\"431\" src=\"https:\/\/mgamusic.makkomkt.com.br\/wp-content\/uploads\/2024\/08\/Rafael-e-Ingrid-01-768x431.jpg\" class=\"attachment-medium_large size-medium_large wp-image-2158\" alt=\"\" srcset=\"https:\/\/mgamusic.makkomkt.com.br\/wp-content\/uploads\/2024\/08\/Rafael-e-Ingrid-01-768x431.jpg 768w, https:\/\/mgamusic.makkomkt.com.br\/wp-content\/uploads\/2024\/08\/Rafael-e-Ingrid-01-300x168.jpg 300w, https:\/\/mgamusic.makkomkt.com.br\/wp-content\/uploads\/2024\/08\/Rafael-e-Ingrid-01-1024x575.jpg 1024w, https:\/\/mgamusic.makkomkt.com.br\/wp-content\/uploads\/2024\/08\/Rafael-e-Ingrid-01-1536x862.jpg 1536w, https:\/\/mgamusic.makkomkt.com.br\/wp-content\/uploads\/2024\/08\/Rafael-e-Ingrid-01.jpg 1920w\" sizes=\"(max-width: 768px) 100vw, 768px\" \/>\t\t\t\t\t\t\t\t\t\t\t\t\t\t\t<\/div>\n\t\t\t\t<\/div>\n\t\t\t\t<div class=\"elementor-element elementor-element-22c74ea elementor-widget elementor-widget-image\" data-id=\"22c74ea\" data-element_type=\"widget\" data-e-type=\"widget\" data-widget_type=\"image.default\">\n\t\t\t\t<div class=\"elementor-widget-container\">\n\t\t\t\t\t\t\t\t\t\t\t\t\t\t\t<img decoding=\"async\" width=\"150\" height=\"150\" src=\"https:\/\/mgamusic.makkomkt.com.br\/wp-content\/uploads\/2024\/09\/responder-150x150.png\" class=\"attachment-thumbnail size-thumbnail wp-image-2255\" alt=\"\" srcset=\"https:\/\/mgamusic.makkomkt.com.br\/wp-content\/uploads\/2024\/09\/responder-150x150.png 150w, https:\/\/mgamusic.makkomkt.com.br\/wp-content\/uploads\/2024\/09\/responder-300x300.png 300w, https:\/\/mgamusic.makkomkt.com.br\/wp-content\/uploads\/2024\/09\/responder.png 512w\" sizes=\"(max-width: 150px) 100vw, 150px\" \/>\t\t\t\t\t\t\t\t\t\t\t\t\t\t\t<\/div>\n\t\t\t\t<\/div>\n\t\t\t\t<div class=\"elementor-element elementor-element-d28f7ee elementor-widget elementor-widget-heading\" data-id=\"d28f7ee\" data-element_type=\"widget\" data-e-type=\"widget\" data-widget_type=\"heading.default\">\n\t\t\t\t<div class=\"elementor-widget-container\">\n\t\t\t\t\t<h2 class=\"elementor-heading-title elementor-size-default\">Pacote Personalizado<\/h2>\t\t\t\t<\/div>\n\t\t\t\t<\/div>\n\t\t\t\t<div class=\"elementor-element elementor-element-aa9fdb2 elementor-align-center elementor-mobile-align-center elementor-widget elementor-widget-button\" data-id=\"aa9fdb2\" data-element_type=\"widget\" data-e-type=\"widget\" data-widget_type=\"button.default\">\n\t\t\t\t<div class=\"elementor-widget-container\">\n\t\t\t\t\t\t\t\t\t<div class=\"elementor-button-wrapper\">\n\t\t\t\t\t<a class=\"elementor-button elementor-button-link elementor-size-sm\" href=\"https:\/\/w.app\/MgaMusic\">\n\t\t\t\t\t\t<span class=\"elementor-button-content-wrapper\">\n\t\t\t\t\t\t<span class=\"elementor-button-icon\">\n\t\t\t\t<svg aria-hidden=\"true\" class=\"e-font-icon-svg e-fab-whatsapp\" viewBox=\"0 0 448 512\" xmlns=\"http:\/\/www.w3.org\/2000\/svg\"><path d=\"M380.9 97.1C339 55.1 283.2 32 223.9 32c-122.4 0-222 99.6-222 222 0 39.1 10.2 77.3 29.6 111L0 480l117.7-30.9c32.4 17.7 68.9 27 106.1 27h.1c122.3 0 224.1-99.6 224.1-222 0-59.3-25.2-115-67.1-157zm-157 341.6c-33.2 0-65.7-8.9-94-25.7l-6.7-4-69.8 18.3L72 359.2l-4.4-7c-18.5-29.4-28.2-63.3-28.2-98.2 0-101.7 82.8-184.5 184.6-184.5 49.3 0 95.6 19.2 130.4 54.1 34.8 34.9 56.2 81.2 56.1 130.5 0 101.8-84.9 184.6-186.6 184.6zm101.2-138.2c-5.5-2.8-32.8-16.2-37.9-18-5.1-1.9-8.8-2.8-12.5 2.8-3.7 5.6-14.3 18-17.6 21.8-3.2 3.7-6.5 4.2-12 1.4-32.6-16.3-54-29.1-75.5-66-5.7-9.8 5.7-9.1 16.3-30.3 1.8-3.7.9-6.9-.5-9.7-1.4-2.8-12.5-30.1-17.1-41.2-4.5-10.8-9.1-9.3-12.5-9.5-3.2-.2-6.9-.2-10.6-.2-3.7 0-9.7 1.4-14.8 6.9-5.1 5.6-19.4 19-19.4 46.3 0 27.3 19.9 53.7 22.6 57.4 2.8 3.7 39.1 59.7 94.8 83.8 35.2 15.2 49 16.5 66.6 13.9 10.7-1.6 32.8-13.4 37.4-26.4 4.6-13 4.6-24.1 3.2-26.4-1.3-2.5-5-3.9-10.5-6.6z\"><\/path><\/svg>\t\t\t<\/span>\n\t\t\t\t\t\t\t\t\t<span class=\"elementor-button-text\">Contato pelo Whatsapp<\/span>\n\t\t\t\t\t<\/span>\n\t\t\t\t\t<\/a>\n\t\t\t\t<\/div>\n\t\t\t\t\t\t\t\t<\/div>\n\t\t\t\t<\/div>\n\t\t<div class=\"elementor-element elementor-element-470ba61 e-con-full e-flex e-con e-child\" data-id=\"470ba61\" data-element_type=\"container\" data-e-type=\"container\">\n\t\t\t\t<div class=\"elementor-element elementor-element-6d09608 elementor-widget elementor-widget-heading\" data-id=\"6d09608\" data-element_type=\"widget\" data-e-type=\"widget\" data-widget_type=\"heading.default\">\n\t\t\t\t<div class=\"elementor-widget-container\">\n\t\t\t\t\t<h2 class=\"elementor-heading-title elementor-size-default\">Veja outros pacotes abaixo<\/h2>\t\t\t\t<\/div>\n\t\t\t\t<\/div>\n\t\t<div class=\"elementor-element elementor-element-34fc777 e-grid e-con-full e-con e-child\" data-id=\"34fc777\" data-element_type=\"container\" data-e-type=\"container\">\n\t\t\t\t<div class=\"elementor-element elementor-element-973fcd3 elementor-widget elementor-widget-image\" data-id=\"973fcd3\" data-element_type=\"widget\" data-e-type=\"widget\" data-widget_type=\"image.default\">\n\t\t\t\t<div class=\"elementor-widget-container\">\n\t\t\t\t\t\t\t\t\t\t\t\t<figure class=\"wp-caption\">\n\t\t\t\t\t\t\t\t\t\t\t<a href=\"https:\/\/mgamusic.makkomkt.com.br\/index.php\/pacote-prata\/\">\n\t\t\t\t\t\t\t<img decoding=\"async\" width=\"150\" height=\"150\" src=\"https:\/\/mgamusic.makkomkt.com.br\/wp-content\/uploads\/2024\/09\/Frame-189-150x150.png\" class=\"attachment-thumbnail size-thumbnail wp-image-2525\" alt=\"\" srcset=\"https:\/\/mgamusic.makkomkt.com.br\/wp-content\/uploads\/2024\/09\/Frame-189-150x150.png 150w, https:\/\/mgamusic.makkomkt.com.br\/wp-content\/uploads\/2024\/09\/Frame-189-300x300.png 300w, https:\/\/mgamusic.makkomkt.com.br\/wp-content\/uploads\/2024\/09\/Frame-189.png 512w\" sizes=\"(max-width: 150px) 100vw, 150px\" \/>\t\t\t\t\t\t\t\t<\/a>\n\t\t\t\t\t\t\t\t\t\t\t<figcaption class=\"widget-image-caption wp-caption-text\"><\/figcaption>\n\t\t\t\t\t\t\t\t\t\t<\/figure>\n\t\t\t\t\t\t\t\t\t<\/div>\n\t\t\t\t<\/div>\n\t\t\t\t<div class=\"elementor-element elementor-element-6377924 elementor-widget elementor-widget-image\" data-id=\"6377924\" data-element_type=\"widget\" data-e-type=\"widget\" data-widget_type=\"image.default\">\n\t\t\t\t<div class=\"elementor-widget-container\">\n\t\t\t\t\t\t\t\t\t\t\t\t\t\t\t\t<a href=\"https:\/\/mgamusic.makkomkt.com.br\/index.php\/pacote-esmeralda\/\">\n\t\t\t\t\t\t\t<img loading=\"lazy\" decoding=\"async\" width=\"150\" height=\"150\" src=\"https:\/\/mgamusic.makkomkt.com.br\/wp-content\/uploads\/2024\/09\/Frame-190-150x150.png\" class=\"attachment-thumbnail size-thumbnail wp-image-2527\" alt=\"\" srcset=\"https:\/\/mgamusic.makkomkt.com.br\/wp-content\/uploads\/2024\/09\/Frame-190-150x150.png 150w, https:\/\/mgamusic.makkomkt.com.br\/wp-content\/uploads\/2024\/09\/Frame-190-300x300.png 300w, https:\/\/mgamusic.makkomkt.com.br\/wp-content\/uploads\/2024\/09\/Frame-190.png 512w\" sizes=\"(max-width: 150px) 100vw, 150px\" \/>\t\t\t\t\t\t\t\t<\/a>\n\t\t\t\t\t\t\t\t\t\t\t\t\t\t\t<\/div>\n\t\t\t\t<\/div>\n\t\t\t\t<div class=\"elementor-element elementor-element-e592091 elementor-widget elementor-widget-image\" data-id=\"e592091\" data-element_type=\"widget\" data-e-type=\"widget\" data-widget_type=\"image.default\">\n\t\t\t\t<div class=\"elementor-widget-container\">\n\t\t\t\t\t\t\t\t\t\t\t\t\t\t\t\t<a href=\"https:\/\/mgamusic.makkomkt.com.br\/index.php\/pacote-rubi\/\">\n\t\t\t\t\t\t\t<img loading=\"lazy\" decoding=\"async\" width=\"150\" height=\"150\" src=\"https:\/\/mgamusic.makkomkt.com.br\/wp-content\/uploads\/2024\/09\/t-150x150.png\" class=\"attachment-thumbnail size-thumbnail wp-image-2526\" alt=\"\" srcset=\"https:\/\/mgamusic.makkomkt.com.br\/wp-content\/uploads\/2024\/09\/t-150x150.png 150w, https:\/\/mgamusic.makkomkt.com.br\/wp-content\/uploads\/2024\/09\/t-300x300.png 300w, https:\/\/mgamusic.makkomkt.com.br\/wp-content\/uploads\/2024\/09\/t.png 512w\" sizes=\"(max-width: 150px) 100vw, 150px\" \/>\t\t\t\t\t\t\t\t<\/a>\n\t\t\t\t\t\t\t\t\t\t\t\t\t\t\t<\/div>\n\t\t\t\t<\/div>\n\t\t\t\t<div class=\"elementor-element elementor-element-b80710c elementor-widget elementor-widget-image\" data-id=\"b80710c\" data-element_type=\"widget\" data-e-type=\"widget\" data-widget_type=\"image.default\">\n\t\t\t\t<div class=\"elementor-widget-container\">\n\t\t\t\t\t\t\t\t\t\t\t\t\t\t\t\t<a href=\"https:\/\/mgamusic.makkomkt.com.br\/index.php\/pacote-ouro\/\">\n\t\t\t\t\t\t\t<img loading=\"lazy\" decoding=\"async\" width=\"150\" height=\"150\" src=\"https:\/\/mgamusic.makkomkt.com.br\/wp-content\/uploads\/2024\/09\/Frame-19cc-150x150.png\" class=\"attachment-thumbnail size-thumbnail wp-image-2532\" alt=\"\" srcset=\"https:\/\/mgamusic.makkomkt.com.br\/wp-content\/uploads\/2024\/09\/Frame-19cc-150x150.png 150w, https:\/\/mgamusic.makkomkt.com.br\/wp-content\/uploads\/2024\/09\/Frame-19cc-300x300.png 300w, https:\/\/mgamusic.makkomkt.com.br\/wp-content\/uploads\/2024\/09\/Frame-19cc.png 512w\" sizes=\"(max-width: 150px) 100vw, 150px\" \/>\t\t\t\t\t\t\t\t<\/a>\n\t\t\t\t\t\t\t\t\t\t\t\t\t\t\t<\/div>\n\t\t\t\t<\/div>\n\t\t\t\t<div class=\"elementor-element elementor-element-dca4466 elementor-widget elementor-widget-image\" data-id=\"dca4466\" data-element_type=\"widget\" data-e-type=\"widget\" data-widget_type=\"image.default\">\n\t\t\t\t<div class=\"elementor-widget-container\">\n\t\t\t\t\t\t\t\t\t\t\t\t\t\t\t\t<a href=\"https:\/\/mgamusic.makkomkt.com.br\/index.php\/pacote-diamante\/\">\n\t\t\t\t\t\t\t<img loading=\"lazy\" decoding=\"async\" width=\"150\" height=\"150\" src=\"https:\/\/mgamusic.makkomkt.com.br\/wp-content\/uploads\/2024\/09\/Frame-192dd-150x150.png\" class=\"attachment-thumbnail size-thumbnail wp-image-2533\" alt=\"\" srcset=\"https:\/\/mgamusic.makkomkt.com.br\/wp-content\/uploads\/2024\/09\/Frame-192dd-150x150.png 150w, https:\/\/mgamusic.makkomkt.com.br\/wp-content\/uploads\/2024\/09\/Frame-192dd-300x300.png 300w, https:\/\/mgamusic.makkomkt.com.br\/wp-content\/uploads\/2024\/09\/Frame-192dd.png 512w\" sizes=\"(max-width: 150px) 100vw, 150px\" \/>\t\t\t\t\t\t\t\t<\/a>\n\t\t\t\t\t\t\t\t\t\t\t\t\t\t\t<\/div>\n\t\t\t\t<\/div>\n\t\t\t\t<\/div>\n\t\t\t\t<\/div>\n\t\t\t\t<\/div>\n\t\t\t\t\t<\/div>\n\t\t\t\t<\/div>\n\t\t\t\t<\/div>\n\t\t","protected":false},"excerpt":{"rendered":"<p>Pacote Personalizado os melhores equipamentos pelo melhor pre\u00e7o Descri\u00e7\u00e3o do pacote Escolha equipamentos de acordo com o que vo\u00e7e precisa para realizar seu evento \u00a0 Pacote Personalizado Contato pelo Whatsapp Veja outros pacotes abaixo<\/p>\n","protected":false},"author":1,"featured_media":0,"parent":0,"menu_order":0,"comment_status":"closed","ping_status":"closed","template":"elementor_header_footer","meta":{"om_disable_all_campaigns":false,"_monsterinsights_skip_tracking":false,"_monsterinsights_sitenote_active":false,"_monsterinsights_sitenote_note":"","_monsterinsights_sitenote_category":0,"footnotes":""},"class_list":["post-2310","page","type-page","status-publish","hentry"],"aioseo_notices":[],"_links":{"self":[{"href":"https:\/\/mgamusic.makkomkt.com.br\/index.php\/wp-json\/wp\/v2\/pages\/2310","targetHints":{"allow":["GET"]}}],"collection":[{"href":"https:\/\/mgamusic.makkomkt.com.br\/index.php\/wp-json\/wp\/v2\/pages"}],"about":[{"href":"https:\/\/mgamusic.makkomkt.com.br\/index.php\/wp-json\/wp\/v2\/types\/page"}],"author":[{"embeddable":true,"href":"https:\/\/mgamusic.makkomkt.com.br\/index.php\/wp-json\/wp\/v2\/users\/1"}],"replies":[{"embeddable":true,"href":"https:\/\/mgamusic.makkomkt.com.br\/index.php\/wp-json\/wp\/v2\/comments?post=2310"}],"version-history":[{"count":0,"href":"https:\/\/mgamusic.makkomkt.com.br\/index.php\/wp-json\/wp\/v2\/pages\/2310\/revisions"}],"wp:attachment":[{"href":"https:\/\/mgamusic.makkomkt.com.br\/index.php\/wp-json\/wp\/v2\/media?parent=2310"}],"curies":[{"name":"wp","href":"https:\/\/api.w.org\/{rel}","templated":true}]}}