{"id":2283,"date":"2024-09-04T14:31:49","date_gmt":"2024-09-04T14:31:49","guid":{"rendered":"https:\/\/mgamusic.makkomkt.com.br\/?page_id=2283"},"modified":"2024-09-04T18:32:11","modified_gmt":"2024-09-04T18:32:11","slug":"pacote-rubi","status":"publish","type":"page","link":"https:\/\/mgamusic.makkomkt.com.br\/index.php\/pacote-rubi\/","title":{"rendered":"Pacote Rubi"},"content":{"rendered":"\t\t<div data-elementor-type=\"wp-page\" data-elementor-id=\"2283\" class=\"elementor elementor-2283\">\n\t\t\t\t<div class=\"elementor-element elementor-element-cd2be87 e-flex e-con-boxed e-con e-parent\" data-id=\"cd2be87\" data-element_type=\"container\" data-e-type=\"container\" data-settings=\"{&quot;background_background&quot;:&quot;classic&quot;}\">\n\t\t\t\t\t<div class=\"e-con-inner\">\n\t\t\t\t<div class=\"elementor-element elementor-element-890e7f4 elementor-widget elementor-widget-heading\" data-id=\"890e7f4\" data-element_type=\"widget\" data-e-type=\"widget\" data-widget_type=\"heading.default\">\n\t\t\t\t<div class=\"elementor-widget-container\">\n\t\t\t\t\t<h2 class=\"elementor-heading-title elementor-size-default\">Pacote Rubi<\/h2>\t\t\t\t<\/div>\n\t\t\t\t<\/div>\n\t\t\t\t<div class=\"elementor-element elementor-element-635df64 elementor-widget elementor-widget-heading\" data-id=\"635df64\" data-element_type=\"widget\" data-e-type=\"widget\" data-widget_type=\"heading.default\">\n\t\t\t\t<div class=\"elementor-widget-container\">\n\t\t\t\t\t<h2 class=\"elementor-heading-title elementor-size-default\">os melhores equipamentos pelo melhor pre\u00e7o\n\n\n<\/h2>\t\t\t\t<\/div>\n\t\t\t\t<\/div>\n\t\t\t\t\t<\/div>\n\t\t\t\t<\/div>\n\t\t<div class=\"elementor-element elementor-element-98574ae e-flex e-con-boxed e-con e-parent\" data-id=\"98574ae\" data-element_type=\"container\" data-e-type=\"container\">\n\t\t\t\t\t<div class=\"e-con-inner\">\n\t\t<div class=\"elementor-element elementor-element-c820dbb e-con-full e-flex e-con e-child\" data-id=\"c820dbb\" data-element_type=\"container\" data-e-type=\"container\">\n\t\t\t\t<div class=\"elementor-element elementor-element-998ca59 elementor-widget elementor-widget-text-editor\" data-id=\"998ca59\" data-element_type=\"widget\" data-e-type=\"widget\" data-widget_type=\"text-editor.default\">\n\t\t\t\t<div class=\"elementor-widget-container\">\n\t\t\t\t\t\t\t\t\t<h2 class=\"wp-block-heading\">Descri\u00e7\u00e3o do pacote<\/h2><p>O pacote ideal com DJ para um casamento com cerim\u00f4nia para at\u00e9 300 convidados (com cerim\u00f4nia opcional) \u00e9 ideal para casamentos de porte m\u00e9dio ou grande em s\u00edticos, ch\u00e1caras, espa\u00e7os de eventos, sal\u00f5es de festas e muito mais.<\/p><p>\u00a0<\/p><ul><li>Pacote Esmeralda +<\/li><li>01 Caixa auxiliar Grave<\/li><li>substitui\u00e7\u00e3o das caixasde som<br \/>simples por Line Array case CDJ Numark<\/li><li>M\u00e1quina de fuma\u00e7a<\/li><li>\u2013 M\u00fasica em<br \/>MP4 (sem proje\u00e7\u00e3o)<\/li><\/ul><p>4 a 5 horas de festa<\/p><p>\u00a0<\/p><p>R$ 2.000,00 (Com servi\u00e7os DJ Social inclusos no limite do pacote)<\/p>\t\t\t\t\t\t\t\t<\/div>\n\t\t\t\t<\/div>\n\t\t\t\t<\/div>\n\t\t<div class=\"elementor-element elementor-element-a28adfe e-con-full e-flex e-con e-child\" data-id=\"a28adfe\" data-element_type=\"container\" data-e-type=\"container\">\n\t\t\t\t<div class=\"elementor-element elementor-element-14cb5e5 elementor-widget elementor-widget-image\" data-id=\"14cb5e5\" data-element_type=\"widget\" data-e-type=\"widget\" data-widget_type=\"image.default\">\n\t\t\t\t<div class=\"elementor-widget-container\">\n\t\t\t\t\t\t\t\t\t\t\t\t\t\t\t<img fetchpriority=\"high\" decoding=\"async\" width=\"768\" height=\"512\" src=\"https:\/\/mgamusic.makkomkt.com.br\/wp-content\/uploads\/2024\/08\/Rafael-e-Ingrid-04-768x512.jpg\" class=\"attachment-medium_large size-medium_large wp-image-2161\" alt=\"\" srcset=\"https:\/\/mgamusic.makkomkt.com.br\/wp-content\/uploads\/2024\/08\/Rafael-e-Ingrid-04-768x512.jpg 768w, https:\/\/mgamusic.makkomkt.com.br\/wp-content\/uploads\/2024\/08\/Rafael-e-Ingrid-04-300x200.jpg 300w, https:\/\/mgamusic.makkomkt.com.br\/wp-content\/uploads\/2024\/08\/Rafael-e-Ingrid-04-1024x683.jpg 1024w, https:\/\/mgamusic.makkomkt.com.br\/wp-content\/uploads\/2024\/08\/Rafael-e-Ingrid-04-1536x1024.jpg 1536w, https:\/\/mgamusic.makkomkt.com.br\/wp-content\/uploads\/2024\/08\/Rafael-e-Ingrid-04.jpg 1920w\" sizes=\"(max-width: 768px) 100vw, 768px\" \/>\t\t\t\t\t\t\t\t\t\t\t\t\t\t\t<\/div>\n\t\t\t\t<\/div>\n\t\t\t\t<div class=\"elementor-element elementor-element-5669733 elementor-widget elementor-widget-image\" data-id=\"5669733\" data-element_type=\"widget\" data-e-type=\"widget\" data-widget_type=\"image.default\">\n\t\t\t\t<div class=\"elementor-widget-container\">\n\t\t\t\t\t\t\t\t\t\t\t\t\t\t\t<img decoding=\"async\" width=\"150\" height=\"150\" src=\"https:\/\/mgamusic.makkomkt.com.br\/wp-content\/uploads\/2024\/09\/rubi-150x150.png\" class=\"attachment-thumbnail size-thumbnail wp-image-2248\" alt=\"\" srcset=\"https:\/\/mgamusic.makkomkt.com.br\/wp-content\/uploads\/2024\/09\/rubi-150x150.png 150w, https:\/\/mgamusic.makkomkt.com.br\/wp-content\/uploads\/2024\/09\/rubi-300x300.png 300w, https:\/\/mgamusic.makkomkt.com.br\/wp-content\/uploads\/2024\/09\/rubi.png 512w\" sizes=\"(max-width: 150px) 100vw, 150px\" \/>\t\t\t\t\t\t\t\t\t\t\t\t\t\t\t<\/div>\n\t\t\t\t<\/div>\n\t\t\t\t<div class=\"elementor-element elementor-element-ff4428f elementor-widget elementor-widget-heading\" data-id=\"ff4428f\" data-element_type=\"widget\" data-e-type=\"widget\" data-widget_type=\"heading.default\">\n\t\t\t\t<div class=\"elementor-widget-container\">\n\t\t\t\t\t<h2 class=\"elementor-heading-title elementor-size-default\">Pacote Rubi<\/h2>\t\t\t\t<\/div>\n\t\t\t\t<\/div>\n\t\t\t\t<div class=\"elementor-element elementor-element-c1e5a6e elementor-align-center elementor-mobile-align-center elementor-widget elementor-widget-button\" data-id=\"c1e5a6e\" data-element_type=\"widget\" data-e-type=\"widget\" data-widget_type=\"button.default\">\n\t\t\t\t<div class=\"elementor-widget-container\">\n\t\t\t\t\t\t\t\t\t<div class=\"elementor-button-wrapper\">\n\t\t\t\t\t<a class=\"elementor-button elementor-button-link elementor-size-sm\" href=\"#\">\n\t\t\t\t\t\t<span class=\"elementor-button-content-wrapper\">\n\t\t\t\t\t\t<span class=\"elementor-button-icon\">\n\t\t\t\t<svg aria-hidden=\"true\" class=\"e-font-icon-svg e-fab-whatsapp\" viewBox=\"0 0 448 512\" xmlns=\"http:\/\/www.w3.org\/2000\/svg\"><path d=\"M380.9 97.1C339 55.1 283.2 32 223.9 32c-122.4 0-222 99.6-222 222 0 39.1 10.2 77.3 29.6 111L0 480l117.7-30.9c32.4 17.7 68.9 27 106.1 27h.1c122.3 0 224.1-99.6 224.1-222 0-59.3-25.2-115-67.1-157zm-157 341.6c-33.2 0-65.7-8.9-94-25.7l-6.7-4-69.8 18.3L72 359.2l-4.4-7c-18.5-29.4-28.2-63.3-28.2-98.2 0-101.7 82.8-184.5 184.6-184.5 49.3 0 95.6 19.2 130.4 54.1 34.8 34.9 56.2 81.2 56.1 130.5 0 101.8-84.9 184.6-186.6 184.6zm101.2-138.2c-5.5-2.8-32.8-16.2-37.9-18-5.1-1.9-8.8-2.8-12.5 2.8-3.7 5.6-14.3 18-17.6 21.8-3.2 3.7-6.5 4.2-12 1.4-32.6-16.3-54-29.1-75.5-66-5.7-9.8 5.7-9.1 16.3-30.3 1.8-3.7.9-6.9-.5-9.7-1.4-2.8-12.5-30.1-17.1-41.2-4.5-10.8-9.1-9.3-12.5-9.5-3.2-.2-6.9-.2-10.6-.2-3.7 0-9.7 1.4-14.8 6.9-5.1 5.6-19.4 19-19.4 46.3 0 27.3 19.9 53.7 22.6 57.4 2.8 3.7 39.1 59.7 94.8 83.8 35.2 15.2 49 16.5 66.6 13.9 10.7-1.6 32.8-13.4 37.4-26.4 4.6-13 4.6-24.1 3.2-26.4-1.3-2.5-5-3.9-10.5-6.6z\"><\/path><\/svg>\t\t\t<\/span>\n\t\t\t\t\t\t\t\t\t<span class=\"elementor-button-text\">Contato pelo Whatsapp<\/span>\n\t\t\t\t\t<\/span>\n\t\t\t\t\t<\/a>\n\t\t\t\t<\/div>\n\t\t\t\t\t\t\t\t<\/div>\n\t\t\t\t<\/div>\n\t\t\t\t<div class=\"elementor-element elementor-element-d0dc036 elementor-widget elementor-widget-heading\" data-id=\"d0dc036\" data-element_type=\"widget\" data-e-type=\"widget\" data-widget_type=\"heading.default\">\n\t\t\t\t<div class=\"elementor-widget-container\">\n\t\t\t\t\t<h2 class=\"elementor-heading-title elementor-size-default\">Veja outros pacotes abaixo<\/h2>\t\t\t\t<\/div>\n\t\t\t\t<\/div>\n\t\t<div class=\"elementor-element elementor-element-231456a e-grid e-con-full e-con e-child\" data-id=\"231456a\" data-element_type=\"container\" data-e-type=\"container\">\n\t\t\t\t<div class=\"elementor-element elementor-element-8ebebd0 elementor-widget elementor-widget-image\" data-id=\"8ebebd0\" data-element_type=\"widget\" data-e-type=\"widget\" data-widget_type=\"image.default\">\n\t\t\t\t<div class=\"elementor-widget-container\">\n\t\t\t\t\t\t\t\t\t\t\t\t<figure class=\"wp-caption\">\n\t\t\t\t\t\t\t\t\t\t\t<a href=\"https:\/\/mgamusic.makkomkt.com.br\/index.php\/pacote-prata\/\">\n\t\t\t\t\t\t\t<img decoding=\"async\" width=\"150\" height=\"150\" src=\"https:\/\/mgamusic.makkomkt.com.br\/wp-content\/uploads\/2024\/09\/Frame-189-150x150.png\" class=\"attachment-thumbnail size-thumbnail wp-image-2525\" alt=\"\" srcset=\"https:\/\/mgamusic.makkomkt.com.br\/wp-content\/uploads\/2024\/09\/Frame-189-150x150.png 150w, https:\/\/mgamusic.makkomkt.com.br\/wp-content\/uploads\/2024\/09\/Frame-189-300x300.png 300w, https:\/\/mgamusic.makkomkt.com.br\/wp-content\/uploads\/2024\/09\/Frame-189.png 512w\" sizes=\"(max-width: 150px) 100vw, 150px\" \/>\t\t\t\t\t\t\t\t<\/a>\n\t\t\t\t\t\t\t\t\t\t\t<figcaption class=\"widget-image-caption wp-caption-text\"><\/figcaption>\n\t\t\t\t\t\t\t\t\t\t<\/figure>\n\t\t\t\t\t\t\t\t\t<\/div>\n\t\t\t\t<\/div>\n\t\t\t\t<div class=\"elementor-element elementor-element-0c55a14 elementor-widget elementor-widget-image\" data-id=\"0c55a14\" data-element_type=\"widget\" data-e-type=\"widget\" data-widget_type=\"image.default\">\n\t\t\t\t<div class=\"elementor-widget-container\">\n\t\t\t\t\t\t\t\t\t\t\t\t\t\t\t\t<a href=\"https:\/\/mgamusic.makkomkt.com.br\/index.php\/pacote-esmeralda\/\">\n\t\t\t\t\t\t\t<img loading=\"lazy\" decoding=\"async\" width=\"150\" height=\"150\" src=\"https:\/\/mgamusic.makkomkt.com.br\/wp-content\/uploads\/2024\/09\/Frame-190-150x150.png\" class=\"attachment-thumbnail size-thumbnail wp-image-2527\" alt=\"\" srcset=\"https:\/\/mgamusic.makkomkt.com.br\/wp-content\/uploads\/2024\/09\/Frame-190-150x150.png 150w, https:\/\/mgamusic.makkomkt.com.br\/wp-content\/uploads\/2024\/09\/Frame-190-300x300.png 300w, https:\/\/mgamusic.makkomkt.com.br\/wp-content\/uploads\/2024\/09\/Frame-190.png 512w\" sizes=\"(max-width: 150px) 100vw, 150px\" \/>\t\t\t\t\t\t\t\t<\/a>\n\t\t\t\t\t\t\t\t\t\t\t\t\t\t\t<\/div>\n\t\t\t\t<\/div>\n\t\t\t\t<div class=\"elementor-element elementor-element-4da16ca elementor-widget elementor-widget-image\" data-id=\"4da16ca\" data-element_type=\"widget\" data-e-type=\"widget\" data-widget_type=\"image.default\">\n\t\t\t\t<div class=\"elementor-widget-container\">\n\t\t\t\t\t\t\t\t\t\t\t\t\t\t\t\t<a href=\"https:\/\/mgamusic.makkomkt.com.br\/index.php\/pacote-ouro\/\">\n\t\t\t\t\t\t\t<img loading=\"lazy\" decoding=\"async\" width=\"150\" height=\"150\" src=\"https:\/\/mgamusic.makkomkt.com.br\/wp-content\/uploads\/2024\/09\/Frame-19cc-150x150.png\" class=\"attachment-thumbnail size-thumbnail wp-image-2532\" alt=\"\" srcset=\"https:\/\/mgamusic.makkomkt.com.br\/wp-content\/uploads\/2024\/09\/Frame-19cc-150x150.png 150w, https:\/\/mgamusic.makkomkt.com.br\/wp-content\/uploads\/2024\/09\/Frame-19cc-300x300.png 300w, https:\/\/mgamusic.makkomkt.com.br\/wp-content\/uploads\/2024\/09\/Frame-19cc.png 512w\" sizes=\"(max-width: 150px) 100vw, 150px\" \/>\t\t\t\t\t\t\t\t<\/a>\n\t\t\t\t\t\t\t\t\t\t\t\t\t\t\t<\/div>\n\t\t\t\t<\/div>\n\t\t\t\t<div class=\"elementor-element elementor-element-824911b elementor-widget elementor-widget-image\" data-id=\"824911b\" data-element_type=\"widget\" data-e-type=\"widget\" data-widget_type=\"image.default\">\n\t\t\t\t<div class=\"elementor-widget-container\">\n\t\t\t\t\t\t\t\t\t\t\t\t\t\t\t\t<a href=\"https:\/\/mgamusic.makkomkt.com.br\/index.php\/pacote-diamante\/\">\n\t\t\t\t\t\t\t<img loading=\"lazy\" decoding=\"async\" width=\"150\" height=\"150\" src=\"https:\/\/mgamusic.makkomkt.com.br\/wp-content\/uploads\/2024\/09\/Frame-192dd-150x150.png\" class=\"attachment-thumbnail size-thumbnail wp-image-2533\" alt=\"\" srcset=\"https:\/\/mgamusic.makkomkt.com.br\/wp-content\/uploads\/2024\/09\/Frame-192dd-150x150.png 150w, https:\/\/mgamusic.makkomkt.com.br\/wp-content\/uploads\/2024\/09\/Frame-192dd-300x300.png 300w, https:\/\/mgamusic.makkomkt.com.br\/wp-content\/uploads\/2024\/09\/Frame-192dd.png 512w\" sizes=\"(max-width: 150px) 100vw, 150px\" \/>\t\t\t\t\t\t\t\t<\/a>\n\t\t\t\t\t\t\t\t\t\t\t\t\t\t\t<\/div>\n\t\t\t\t<\/div>\n\t\t\t\t<div class=\"elementor-element elementor-element-1187012 elementor-widget elementor-widget-image\" data-id=\"1187012\" data-element_type=\"widget\" data-e-type=\"widget\" data-widget_type=\"image.default\">\n\t\t\t\t<div class=\"elementor-widget-container\">\n\t\t\t\t\t\t\t\t\t\t\t\t\t\t\t\t<a href=\"https:\/\/mgamusic.makkomkt.com.br\/index.php\/pacote-personalizado\/\">\n\t\t\t\t\t\t\t<img loading=\"lazy\" decoding=\"async\" width=\"150\" height=\"150\" src=\"https:\/\/mgamusic.makkomkt.com.br\/wp-content\/uploads\/2024\/09\/Frame-194-ho-150x150.png\" class=\"attachment-thumbnail size-thumbnail wp-image-2531\" alt=\"\" srcset=\"https:\/\/mgamusic.makkomkt.com.br\/wp-content\/uploads\/2024\/09\/Frame-194-ho-150x150.png 150w, https:\/\/mgamusic.makkomkt.com.br\/wp-content\/uploads\/2024\/09\/Frame-194-ho-300x300.png 300w, https:\/\/mgamusic.makkomkt.com.br\/wp-content\/uploads\/2024\/09\/Frame-194-ho.png 512w\" sizes=\"(max-width: 150px) 100vw, 150px\" \/>\t\t\t\t\t\t\t\t<\/a>\n\t\t\t\t\t\t\t\t\t\t\t\t\t\t\t<\/div>\n\t\t\t\t<\/div>\n\t\t\t\t<\/div>\n\t\t\t\t<\/div>\n\t\t\t\t\t<\/div>\n\t\t\t\t<\/div>\n\t\t\t\t<\/div>\n\t\t","protected":false},"excerpt":{"rendered":"<p>Pacote Rubi os melhores equipamentos pelo melhor pre\u00e7o Descri\u00e7\u00e3o do pacote O pacote ideal com DJ para um casamento com cerim\u00f4nia para at\u00e9 300 convidados (com cerim\u00f4nia opcional) \u00e9 ideal para casamentos de porte m\u00e9dio ou grande em s\u00edticos, ch\u00e1caras, espa\u00e7os de eventos, sal\u00f5es de festas e muito mais. \u00a0 Pacote Esmeralda + 01 Caixa [&hellip;]<\/p>\n","protected":false},"author":1,"featured_media":0,"parent":0,"menu_order":0,"comment_status":"closed","ping_status":"closed","template":"elementor_header_footer","meta":{"om_disable_all_campaigns":false,"_monsterinsights_skip_tracking":false,"_monsterinsights_sitenote_active":false,"_monsterinsights_sitenote_note":"","_monsterinsights_sitenote_category":0,"footnotes":""},"class_list":["post-2283","page","type-page","status-publish","hentry"],"aioseo_notices":[],"_links":{"self":[{"href":"https:\/\/mgamusic.makkomkt.com.br\/index.php\/wp-json\/wp\/v2\/pages\/2283","targetHints":{"allow":["GET"]}}],"collection":[{"href":"https:\/\/mgamusic.makkomkt.com.br\/index.php\/wp-json\/wp\/v2\/pages"}],"about":[{"href":"https:\/\/mgamusic.makkomkt.com.br\/index.php\/wp-json\/wp\/v2\/types\/page"}],"author":[{"embeddable":true,"href":"https:\/\/mgamusic.makkomkt.com.br\/index.php\/wp-json\/wp\/v2\/users\/1"}],"replies":[{"embeddable":true,"href":"https:\/\/mgamusic.makkomkt.com.br\/index.php\/wp-json\/wp\/v2\/comments?post=2283"}],"version-history":[{"count":0,"href":"https:\/\/mgamusic.makkomkt.com.br\/index.php\/wp-json\/wp\/v2\/pages\/2283\/revisions"}],"wp:attachment":[{"href":"https:\/\/mgamusic.makkomkt.com.br\/index.php\/wp-json\/wp\/v2\/media?parent=2283"}],"curies":[{"name":"wp","href":"https:\/\/api.w.org\/{rel}","templated":true}]}}